{"id":20916,"date":"2021-05-16T20:54:07","date_gmt":"2021-05-16T18:54:07","guid":{"rendered":"https:\/\/fg.fhws.de\/?page_id=20916"},"modified":"2023-01-13T18:59:11","modified_gmt":"2023-01-13T17:59:11","slug":"master-design-und-information","status":"publish","type":"page","link":"https:\/\/fg.thws.de\/en\/studium\/master-design-und-information\/","title":{"rendered":"Master Design and Information"},"content":{"rendered":"<p>[columns]<\/p>\n<h2>Die Fakult\u00e4t in einer neuen, internationalen Hochschullandschaft<\/h2>\n<p>[\/columns]<br \/>\n[columns class=&#8221;medium-6&#8243;]<\/p>\n<p>Ein wesentliches Element des Masterstudiengangs ist die interdisziplin\u00e4re und interkulturelle Ausrichtung. Diese kann nur in Zusammenarbeit mit anderen Hochschulen oder Institutionen erreicht werden. Die THWS kooperiert bereits erfolgreich mit der Fakult\u00e4t f\u00fcr Design und K\u00fcnste der Freien Universit\u00e4t Bozen, der FH Vorarlberg und der Universit\u00e4t W\u00fcrzburg. Die dar\u00fcber hinaus bestehenden intensiven Kontakte des Fachbereichs mit Partnerhochschulen im europ\u00e4ischen und au\u00dfereurop\u00e4ischen Ausland werden f\u00fcr den Masterstudiengang weiter ausgebaut.Der Masterstudiengang \u00bbInformationsdesign\u00ab wurde erfolgreich von der Akkreditierungsagentur Acquin akkreditert.<br \/>\nDie Akkreditierung gew\u00e4hrleistet die nationale und internationale Anerkennung des Masterabschlusses an der Fakult\u00e4t Gestaltung durch die Sicherung der Qualit\u00e4t von Lehre und Studium. Sie gibt gleichzeitig Hochschulen, Studierenden und Arbeitgebern eine verl\u00e4ssliche Orientierung hinsichtlich der Qualit\u00e4t unseres Masterprogramms.[\/columns]<\/p>\n","protected":false},"excerpt":{"rendered":"<p>[columns] Die Fakult\u00e4t in einer neuen, internationalen Hochschullandschaft [\/columns] [columns class=&#8221;medium-6&#8243;] Ein wesentliches Element des Masterstudiengangs ist die interdisziplin\u00e4re und interkulturelle Ausrichtung. Diese kann nur in Zusammenarbeit mit anderen Hochschulen oder Institutionen erreicht werden. Die THWS kooperiert bereits erfolgreich mit der Fakult\u00e4t f\u00fcr Design und K\u00fcnste der Freien Universit\u00e4t Bozen, der FH Vorarlberg und der [&hellip;]<\/p>\n","protected":false},"author":84,"featured_media":0,"parent":20902,"menu_order":11,"comment_status":"closed","ping_status":"closed","template":"","meta":{"_acf_changed":false,"footnotes":""},"class_list":["post-20916","page","type-page","status-publish","hentry"],"acf":[],"yoast_head":"<!-- This site is optimized with the Yoast SEO plugin v27.0 - https:\/\/yoast.com\/product\/yoast-seo-wordpress\/ -->\n<title>Master Design and Information - THWS | Fakult\u00e4t Gestaltung W\u00fcrzburg<\/title>\n<meta name=\"robots\" content=\"index, follow, max-snippet:-1, max-image-preview:large, max-video-preview:-1\" \/>\n<link rel=\"canonical\" href=\"https:\/\/fg.thws.de\/en\/studium\/master-design-und-information\/\" \/>\n<meta property=\"og:locale\" content=\"en_US\" \/>\n<meta property=\"og:type\" content=\"article\" \/>\n<meta property=\"og:title\" content=\"Master Design and Information - THWS | Fakult\u00e4t Gestaltung W\u00fcrzburg\" \/>\n<meta property=\"og:description\" content=\"[columns] Die Fakult\u00e4t in einer neuen, internationalen Hochschullandschaft [\/columns] [columns class=&#8221;medium-6&#8243;] Ein wesentliches Element des Masterstudiengangs ist die interdisziplin\u00e4re und interkulturelle Ausrichtung. Diese kann nur in Zusammenarbeit mit anderen Hochschulen oder Institutionen erreicht werden. Die THWS kooperiert bereits erfolgreich mit der Fakult\u00e4t f\u00fcr Design und K\u00fcnste der Freien Universit\u00e4t Bozen, der FH Vorarlberg und der [&hellip;]\" \/>\n<meta property=\"og:url\" content=\"https:\/\/fg.thws.de\/en\/studium\/master-design-und-information\/\" \/>\n<meta property=\"og:site_name\" content=\"THWS | Fakult\u00e4t Gestaltung W\u00fcrzburg\" \/>\n<meta property=\"article:modified_time\" content=\"2023-01-13T17:59:11+00:00\" \/>\n<meta name=\"twitter:card\" content=\"summary_large_image\" \/>\n<meta name=\"twitter:label1\" content=\"Est. reading time\" \/>\n\t<meta name=\"twitter:data1\" content=\"1 minute\" \/>\n<script type=\"application\/ld+json\" class=\"yoast-schema-graph\">{\"@context\":\"https:\/\/schema.org\",\"@graph\":[{\"@type\":\"WebPage\",\"@id\":\"https:\/\/fg.thws.de\/en\/studium\/master-design-und-information\/\",\"url\":\"https:\/\/fg.thws.de\/en\/studium\/master-design-und-information\/\",\"name\":\"Master Design and Information - THWS | Fakult\u00e4t Gestaltung W\u00fcrzburg\",\"isPartOf\":{\"@id\":\"https:\/\/fg.thws.de\/#website\"},\"datePublished\":\"2021-05-16T18:54:07+00:00\",\"dateModified\":\"2023-01-13T17:59:11+00:00\",\"breadcrumb\":{\"@id\":\"https:\/\/fg.thws.de\/en\/studium\/master-design-und-information\/#breadcrumb\"},\"inLanguage\":\"en-US\",\"potentialAction\":[{\"@type\":\"ReadAction\",\"target\":[\"https:\/\/fg.thws.de\/en\/studium\/master-design-und-information\/\"]}]},{\"@type\":\"BreadcrumbList\",\"@id\":\"https:\/\/fg.thws.de\/en\/studium\/master-design-und-information\/#breadcrumb\",\"itemListElement\":[{\"@type\":\"ListItem\",\"position\":1,\"name\":\"Startseite\",\"item\":\"https:\/\/fg.thws.de\/\"},{\"@type\":\"ListItem\",\"position\":2,\"name\":\"Study\",\"item\":\"https:\/\/fg.thws.de\/en\/studium\/\"},{\"@type\":\"ListItem\",\"position\":3,\"name\":\"Master Design and Information\"}]},{\"@type\":\"WebSite\",\"@id\":\"https:\/\/fg.thws.de\/#website\",\"url\":\"https:\/\/fg.thws.de\/\",\"name\":\"Fakult\u00e4t Gestaltung W\u00fcrzburg\",\"description\":\"Bachelor Kommunikationsdesign und Master Design &amp; Information studieren\",\"publisher\":{\"@id\":\"https:\/\/fg.thws.de\/#organization\"},\"potentialAction\":[{\"@type\":\"SearchAction\",\"target\":{\"@type\":\"EntryPoint\",\"urlTemplate\":\"https:\/\/fg.thws.de\/?s={search_term_string}\"},\"query-input\":{\"@type\":\"PropertyValueSpecification\",\"valueRequired\":true,\"valueName\":\"search_term_string\"}}],\"inLanguage\":\"en-US\"},{\"@type\":\"Organization\",\"@id\":\"https:\/\/fg.thws.de\/#organization\",\"name\":\"Fakult\u00e4t Gestaltung W\u00fcrzburg\",\"url\":\"https:\/\/fg.thws.de\/\",\"logo\":{\"@type\":\"ImageObject\",\"inLanguage\":\"en-US\",\"@id\":\"https:\/\/fg.thws.de\/#\/schema\/logo\/image\/\",\"url\":\"https:\/\/fg.thws.de\/wp-content\/uploads\/2025\/02\/id23_fg-thws_logo-klein_75pt_de_s-rgb.png\",\"contentUrl\":\"https:\/\/fg.thws.de\/wp-content\/uploads\/2025\/02\/id23_fg-thws_logo-klein_75pt_de_s-rgb.png\",\"width\":944,\"height\":575,\"caption\":\"Fakult\u00e4t Gestaltung W\u00fcrzburg\"},\"image\":{\"@id\":\"https:\/\/fg.thws.de\/#\/schema\/logo\/image\/\"}}]}<\/script>\n<!-- \/ Yoast SEO plugin. -->","yoast_head_json":{"title":"Master Design and Information - THWS | Fakult\u00e4t Gestaltung W\u00fcrzburg","robots":{"index":"index","follow":"follow","max-snippet":"max-snippet:-1","max-image-preview":"max-image-preview:large","max-video-preview":"max-video-preview:-1"},"canonical":"https:\/\/fg.thws.de\/en\/studium\/master-design-und-information\/","og_locale":"en_US","og_type":"article","og_title":"Master Design and Information - THWS | Fakult\u00e4t Gestaltung W\u00fcrzburg","og_description":"[columns] Die Fakult\u00e4t in einer neuen, internationalen Hochschullandschaft [\/columns] [columns class=&#8221;medium-6&#8243;] Ein wesentliches Element des Masterstudiengangs ist die interdisziplin\u00e4re und interkulturelle Ausrichtung. Diese kann nur in Zusammenarbeit mit anderen Hochschulen oder Institutionen erreicht werden. Die THWS kooperiert bereits erfolgreich mit der Fakult\u00e4t f\u00fcr Design und K\u00fcnste der Freien Universit\u00e4t Bozen, der FH Vorarlberg und der [&hellip;]","og_url":"https:\/\/fg.thws.de\/en\/studium\/master-design-und-information\/","og_site_name":"THWS | Fakult\u00e4t Gestaltung W\u00fcrzburg","article_modified_time":"2023-01-13T17:59:11+00:00","twitter_card":"summary_large_image","twitter_misc":{"Est. reading time":"1 minute"},"schema":{"@context":"https:\/\/schema.org","@graph":[{"@type":"WebPage","@id":"https:\/\/fg.thws.de\/en\/studium\/master-design-und-information\/","url":"https:\/\/fg.thws.de\/en\/studium\/master-design-und-information\/","name":"Master Design and Information - THWS | Fakult\u00e4t Gestaltung W\u00fcrzburg","isPartOf":{"@id":"https:\/\/fg.thws.de\/#website"},"datePublished":"2021-05-16T18:54:07+00:00","dateModified":"2023-01-13T17:59:11+00:00","breadcrumb":{"@id":"https:\/\/fg.thws.de\/en\/studium\/master-design-und-information\/#breadcrumb"},"inLanguage":"en-US","potentialAction":[{"@type":"ReadAction","target":["https:\/\/fg.thws.de\/en\/studium\/master-design-und-information\/"]}]},{"@type":"BreadcrumbList","@id":"https:\/\/fg.thws.de\/en\/studium\/master-design-und-information\/#breadcrumb","itemListElement":[{"@type":"ListItem","position":1,"name":"Startseite","item":"https:\/\/fg.thws.de\/"},{"@type":"ListItem","position":2,"name":"Study","item":"https:\/\/fg.thws.de\/en\/studium\/"},{"@type":"ListItem","position":3,"name":"Master Design and Information"}]},{"@type":"WebSite","@id":"https:\/\/fg.thws.de\/#website","url":"https:\/\/fg.thws.de\/","name":"Fakult\u00e4t Gestaltung W\u00fcrzburg","description":"Bachelor Kommunikationsdesign und Master Design &amp; Information studieren","publisher":{"@id":"https:\/\/fg.thws.de\/#organization"},"potentialAction":[{"@type":"SearchAction","target":{"@type":"EntryPoint","urlTemplate":"https:\/\/fg.thws.de\/?s={search_term_string}"},"query-input":{"@type":"PropertyValueSpecification","valueRequired":true,"valueName":"search_term_string"}}],"inLanguage":"en-US"},{"@type":"Organization","@id":"https:\/\/fg.thws.de\/#organization","name":"Fakult\u00e4t Gestaltung W\u00fcrzburg","url":"https:\/\/fg.thws.de\/","logo":{"@type":"ImageObject","inLanguage":"en-US","@id":"https:\/\/fg.thws.de\/#\/schema\/logo\/image\/","url":"https:\/\/fg.thws.de\/wp-content\/uploads\/2025\/02\/id23_fg-thws_logo-klein_75pt_de_s-rgb.png","contentUrl":"https:\/\/fg.thws.de\/wp-content\/uploads\/2025\/02\/id23_fg-thws_logo-klein_75pt_de_s-rgb.png","width":944,"height":575,"caption":"Fakult\u00e4t Gestaltung W\u00fcrzburg"},"image":{"@id":"https:\/\/fg.thws.de\/#\/schema\/logo\/image\/"}}]}},"_links":{"self":[{"href":"https:\/\/fg.thws.de\/en\/wp-json\/wp\/v2\/pages\/20916","targetHints":{"allow":["GET"]}}],"collection":[{"href":"https:\/\/fg.thws.de\/en\/wp-json\/wp\/v2\/pages"}],"about":[{"href":"https:\/\/fg.thws.de\/en\/wp-json\/wp\/v2\/types\/page"}],"author":[{"embeddable":true,"href":"https:\/\/fg.thws.de\/en\/wp-json\/wp\/v2\/users\/84"}],"replies":[{"embeddable":true,"href":"https:\/\/fg.thws.de\/en\/wp-json\/wp\/v2\/comments?post=20916"}],"version-history":[{"count":3,"href":"https:\/\/fg.thws.de\/en\/wp-json\/wp\/v2\/pages\/20916\/revisions"}],"predecessor-version":[{"id":28780,"href":"https:\/\/fg.thws.de\/en\/wp-json\/wp\/v2\/pages\/20916\/revisions\/28780"}],"up":[{"embeddable":true,"href":"https:\/\/fg.thws.de\/en\/wp-json\/wp\/v2\/pages\/20902"}],"wp:attachment":[{"href":"https:\/\/fg.thws.de\/en\/wp-json\/wp\/v2\/media?parent=20916"}],"curies":[{"name":"wp","href":"https:\/\/api.w.org\/{rel}","templated":true}]}}